{"id":146,"date":"2023-10-18T11:00:34","date_gmt":"2023-10-18T17:00:34","guid":{"rendered":"https:\/\/celeridad.net\/z491\/?page_id=146"},"modified":"2023-10-18T11:00:35","modified_gmt":"2023-10-18T17:00:35","slug":"politica-privacidad-cookies","status":"publish","type":"page","link":"https:\/\/celeridad.net\/z491\/politica-privacidad-cookies\/","title":{"rendered":"Pol\u00edtica de privacidad y cookies"},"content":{"rendered":"\n<h2 class=\"wp-block-heading\">Qui\u00e9nes somos y a d\u00f3nde estamos?<\/h2>\n\n\n\n<p>La direcci\u00f3n de nuestra web es <a href=\"https:\/\/celeridad.net\/z491\">https:\/\/celeridad.net\/z491<\/a><br>Para contactarnos, escriba a la direcci\u00f3n <a href=\"mailto:nodo491@celeridad.net\">nodo491@celeridad.net<\/a><\/p>\n\n\n\n<p>Aparte de nuestro sitio web, tenemos presencia en las siguientes redes sociales:<\/p>\n\n\n\n<ul class=\"wp-block-list\">\n<li>Facebook (<a href=\"https:\/\/www.facebook.com\/policy.php\" target=\"_blank\" rel=\"noreferrer noopener\">pol\u00edtica de privacidad<\/a>)<\/li>\n\n\n\n<li>Listas de correo en el servicio Mailchimp (<a href=\"https:\/\/mailchimp.com\/legal\/privacy\/\" target=\"_blank\" rel=\"noreferrer noopener\">pol\u00edtica de privacidad<\/a>)<\/li>\n<\/ul>\n\n\n\n<p>Los sitios que est\u00e9n en redes sociales o que usen servicios de terceros (como los indicados arriba) est\u00e1n sujetos a las pol\u00edticas de privacidad de esos servicios. Le recomendamos revisar esas pol\u00edticas tambi\u00e9n.<\/p>\n\n\n\n<p>Solamente mediante estos sitios publicamos y enviamos informaci\u00f3n. Si encuentra nuestra informaci\u00f3n en otros lugares que no sean los anteriores, posiblemente haya sido copiada sin nuestro consentimiento.<\/p>\n\n\n\n<p>Nuestro sitio est\u00e1 dise\u00f1ado para recoger \u00fanicamente la informaci\u00f3n de los usuarios que sea necesaria, y no m\u00e1s. Esta p\u00e1gina le servir\u00e1 para enterarse acerca de qu\u00e9 informaci\u00f3n estamos recogiendo, para qu\u00e9 la utilizamos, durante cu\u00e1nto tiempo la conservamos, y qu\u00e9 derechos tiene respecto al manejo de su informaci\u00f3n en nuestro sitio.<\/p>\n\n\n\n<h2 class=\"wp-block-heading\">Qu\u00e9 datos personales recogemos y por qu\u00e9 los recogemos<\/h2>\n\n\n\n<p>Nuestro sitio web intercambia informaci\u00f3n con su computadora desde el primer momento en que ingresa. Mientras usa nuestro sitio, usted podr\u00eda transmitir informaci\u00f3n de car\u00e1cter personal, que quedar\u00e1 almacenada. Es importante que conozca qu\u00e9 informaci\u00f3n est\u00e1 intercambiando con nuestro sitio mientras lo usa.<\/p>\n\n\n\n<ul class=\"wp-block-list\">\n<li>La <strong>direcci\u00f3n IP<\/strong> de su computadora, podr\u00eda quedar almacenada en nuestras bit\u00e1coras de sistema. Se almacena indefinidamente, por motivos de seguridad. No se comparte con terceros.<\/li>\n\n\n\n<li>Si da like a nuestros sitios en redes sociales, se nos comunicar\u00e1 la <strong>direcci\u00f3n de su perfil<\/strong> en esa red. Esta informaci\u00f3n se nos comunica de forma autom\u00e1tica, y es necesaria para que usted reciba comunicaciones nuestras v\u00eda esa red social. Se almacenar\u00e1 hasta el momento en que deje de seguirnos en cada red social. La informaci\u00f3n de su perfil que podemos ver, generalmente es solo la que usted tenga configurada para mostrar de forma p\u00fablica, no podemos ver m\u00e1s all\u00e1. Revise las pol\u00edticas de privacidad de cada red social que utilice para seguirnos, para conocer en detalle qu\u00e9 informaci\u00f3n se comparte, y de qu\u00e9 forma.<\/li>\n\n\n\n<li>Si nos escribe un correo electr\u00f3nico, o llena un formulario de contacto, recibiremos <strong>su nombre y direcci\u00f3n de correo<\/strong>, adem\u00e1s de otra informaci\u00f3n que pueda haber suministrado en el mensaje que envi\u00f3. Esta informaci\u00f3n quedar\u00e1 almacenada en nuestro historial de correos, y se usar\u00e1 para poder responder a sus consultas y contactarle de vuelta.<\/li>\n<\/ul>\n\n\n\n<p>En este sitio no procesamos pagos, ni manejamos informaci\u00f3n de pago de los usuarios. <strong>En nuestro blog, nunca le ser\u00e1n solicitados los datos de su tarjeta de cr\u00e9dito<\/strong>, cuentas bancarias, contrase\u00f1as o sistemas de pago electr\u00f3nicos. Si en alg\u00fan momento se le solicitan datos de este tipo, debe comunicarlo inmediatamente a nuestro correo, antes de suministrar su informaci\u00f3n.<\/p>\n\n\n\n<h2 class=\"wp-block-heading\">Qu\u00e9 derechos tiene sobre sus datos?<\/h2>\n\n\n\n<p>Usted tiene derecho a pedir que sus datos personales sean eliminados de nuestro sitio, o a solicitar informaci\u00f3n acerca de qu\u00e9 datos guardamos de usted. Siempre que nos sea posible cumplir su solicitud, lo haremos. No podemos eliminar ning\u00fan dato que estemos obligados a conservar con fines administrativos, legales o de seguridad, ni podemos suministrar o alterar informaci\u00f3n en redes de terceros (por ejemplo de publicidad o de anal\u00edtica).<\/p>\n\n\n\n<h2 class=\"wp-block-heading\">Cookies<\/h2>\n\n\n\n<p>En este sitio usamos cookies. Un cookie es un archivo peque\u00f1o que se almacena en su computadora, y sirve para hacer m\u00e1s r\u00e1pido y f\u00e1cil el uso de nuestro sitio. Los cookies, por ejemplo, nos permiten identificar a un usuario a la hora de escribir un comentario, y rellenar autom\u00e1ticamente su informaci\u00f3n en el formulario.<\/p>\n\n\n\n<p>Los cookies tambi\u00e9n se usan para ajustar el contenido y la aparici\u00f3n de anuncios, de tal forma que se muestren anuncios que puedan ser de su inter\u00e9s, y evitar anuncios aleatorios que no tengan ninguna importancia para usted.<\/p>\n\n\n\n<p>No podemos evitar el uso de cookies en nuestro sitio, por la manera en que funciona el software WordPress, sobre el cual hemos construido. Tambi\u00e9n, otro software aparte de WordPress que usamos para mejorar el funcionamiento de nuestro sitio, puede estar usando cookies. Si no desea recibir cookies, debe configurar esta funci\u00f3n directamente en su computadora para que rechace todos los cookies enviados.<\/p>\n\n\n\n<p>Usted puede inhabilitar el uso de cookies desde su browser, de tal forma que su computadora no acepte estos archivos sin su permiso. Para m\u00e1s informaci\u00f3n, consulte esta <a href=\"https:\/\/mundobim.com\/como-desactivar-los-cookies-desde-su-computadora\/\" target=\"_blank\" rel=\"noreferrer noopener\">gu\u00eda para desactivar el uso de cookies de internet<\/a>.<\/p>\n\n\n\n<h2 class=\"wp-block-heading\">D\u00f3nde enviamos sus datos<\/h2>\n\n\n\n<p>La informaci\u00f3n que ingrese en este sitio, puede quedar almacenada en diferentes partes del mundo. Nuestros servidores se ubican en Estados Unidos, pero pueden tener respaldo fuera de Estados Unidos.<\/p>\n\n\n\n<p>Diferentes partes del sitio, por ejemplo los sistemas de Google, podr\u00edan almacenar su informaci\u00f3n en sitios fuera de Estados Unidos.<\/p>\n\n\n\n<h2 class=\"wp-block-heading\">C\u00f3mo cuidamos sus datos<\/h2>\n\n\n\n<p>Hacemos todo lo posible por mantener nuestro sitio operando bajo los m\u00e1s recientes est\u00e1ndares de seguridad y con las \u00faltimas versiones de software disponible. Peri\u00f3dicamente estamos verificando que est\u00e9 actualizado tanto nuestro software WordPress, como los plugin y accesorios que tenga incorporados.<\/p>\n\n\n\n<p>Nuestro proveedor de servicios tiene mecanismos de seguridad instalados, que monitorean de forma continua nuestros servidores, buscando se\u00f1ales de ataque o uso inapropiado.<\/p>\n\n\n\n<p>Al interactuar con nuestro sitio, si observa el \u00edcono del candado verde en la barra superior (donde se encuentra la direcci\u00f3n), significa que su comunicaci\u00f3n est\u00e1 siendo protegida con encripci\u00f3n SSL para dificultar la intercepci\u00f3n por parte de terceros.<\/p>\n\n\n\n<p>A pesar de ello, debe tener presente en todo momento que ning\u00fan sistema de internet es 100% seguro ni 100% infalible. En diferentes lugares de la comunicaci\u00f3n entre su computadora y nuestro servidor, pueden existir cosas que hagan que la informaci\u00f3n que env\u00eda quede almacenada o registrada, sin nuestro conocimiento. Sobre estas situaciones no tenemos control alguno, y deben verse como riesgos normales al usar servicios de internet.<\/p>\n\n\n\n<h2 class=\"wp-block-heading\">Con qui\u00e9n compartimos su informaci\u00f3n personal<\/h2>\n\n\n\n<p>No vendemos la informaci\u00f3n personal de nuestros usuarios a terceros, con fines publicitarios, a menos que nos haya dado su consentimiento expl\u00edcito para hacerlo.<\/p>\n\n\n\n<p>En ocasiones, podemos transmitir informaci\u00f3n personal de los usuarios a terceros, que la requieran para cumplir con alg\u00fan servicio que haya solicitado. Por ejemplo si nos env\u00eda un correo electr\u00f3nico, podr\u00edamos transmitir su informaci\u00f3n de contacto a uno de nuestros asociados externos, para dar respuesta a su consulta.<\/p>\n\n\n\n<p>Su informaci\u00f3n tambi\u00e9n podr\u00eda ser revelada o transferida a terceras partes cuando sea requerido por ley, para cumplir con nuestras pol\u00edticas de servicio, para dar protecci\u00f3n a nuestra propiedad, derechos o seguridad o la de nuestros usuarios.<\/p>\n\n\n\n<p>Informaci\u00f3n personal que no lo identifique directamente, por ejemplo informaci\u00f3n acerca de su sistema operativo, idioma, movimientos en el sitio, o similar podr\u00eda ser transmitida a terceras partes sin previo aviso, para efectos de dar un mejor servicio al usuario o de ajustar publicidad a sus preferencias. Para m\u00e1s informaci\u00f3n revise la secci\u00f3n de anal\u00edtica y publicidad de esta p\u00e1gina.<\/p>\n\n\n\n<h2 class=\"wp-block-heading\">Sistemas Google Analytics<\/h2>\n\n\n\n<p>En este sitio web usamos sistemas Google Analytics para generar estad\u00edsticas de tr\u00e1fico y uso. La informaci\u00f3n que Google Analytics recibe y almacena es en formato no personal: por default, Google Analytics no puede determinar a qu\u00e9 usuario pertenece un dato.<\/p>\n\n\n\n<p>Mediante los sistemas Google Analytics se recopila informaci\u00f3n de los usuarios que incluye (entre otros) datos como su direcci\u00f3n IP, ubicaci\u00f3n general, tipo de browser, proveedor del servicio de internet, p\u00e1ginas que visita en nuestro sitio, y p\u00e1ginas que ha visitado antes de llegar a la nuestra.<\/p>\n\n\n\n<p>Esta informaci\u00f3n la vemos solo en forma agrupada, no podemos dar seguimiento a cada usuario individualmente, ni podemos saber a qui\u00e9n pertenece un registro de actividad en nuestras estad\u00edsticas. En nuestro sitio web, hacemos an\u00f3nima su direcci\u00f3n IP, de tal forma que Google Analytics no vea las direcciones IP completas de nuestros usuarios. La anonimizaci\u00f3n de IP remueve el \u00faltimo d\u00edgito de su direcci\u00f3n IP, de tal forma que no se pueda saber exactamente qu\u00e9 computadora fue la que visit\u00f3 el sitio.<\/p>\n\n\n\n<p>Si desea inhabilitar los sistemas de Google Analytics en su computadora, puede hacerlo con el plugin de Inhabilitaci\u00f3n para navegadores de Google Analytics, cuyo link se encuentra m\u00e1s adelante.<\/p>\n\n\n\n<p>Para m\u00e1s informaci\u00f3n acerca de c\u00f3mo se maneja su privacidad en las redes y servicios de Google, le recomendamos leer:<\/p>\n\n\n\n<ul class=\"wp-block-list\">\n<li>Plugin para deshabilitar Google Analytics en su browser: <a href=\"https:\/\/tools.google.com\/dlpage\/gaoptout\/\" target=\"_blank\" rel=\"noreferrer noopener\">https:\/\/tools.google.com\/dlpage\/gaoptout\/<\/a><\/li>\n\n\n\n<li>Pol\u00edtica de privacidad de Google Analytics: <a href=\"https:\/\/support.google.com\/analytics\/answer\/6004245\" target=\"_blank\" rel=\"noreferrer noopener\">https:\/\/support.google.com\/analytics\/answer\/6004245<\/a><\/li>\n\n\n\n<li>Pol\u00edtica de privacidad de Google: <a href=\"https:\/\/policies.google.com\/privacy\" target=\"_blank\" rel=\"noreferrer noopener\">https:\/\/policies.google.com\/privacy<\/a><\/li>\n\n\n\n<li>Informaci\u00f3n general acerca de las tecnolog\u00edas de Google: <a href=\"https:\/\/policies.google.com\/technologies\" target=\"_blank\" rel=\"noreferrer noopener\">https:\/\/policies.google.com\/technologies<\/a><\/li>\n\n\n\n<li>Pol\u00edtica de retenci\u00f3n de datos de Google: <a href=\"https:\/\/policies.google.com\/technologies\/retention\" target=\"_blank\" rel=\"noreferrer noopener\">https:\/\/policies.google.com\/technologies\/retention<\/a><\/li>\n<\/ul>\n\n\n\n<p><\/p>\n\n\n\n<h2 class=\"wp-block-heading\">Protecci\u00f3n reCAPTCHA de Google<\/h2>\n\n\n\n<p>Algunas partes de nuestro sitio, y de los contenidos provenientes de Google que incluimos, podr\u00edan incluir verificaci\u00f3n reCAPTCHA. La verificaci\u00f3n reCAPTCHA de Google intercambia cookies con su computadora, y realiza algunos an\u00e1lisis de sus movimientos, el browser que est\u00e1 usando, y su actividad en otros sitios donde haya usado reCAPTCHA, para determinar si usted es un usuario humano. La direcci\u00f3n IP de su computadora podr\u00eda revelarse a los sistemas reCAPTCHA, y por la forma en que funcionan estos sistemas no podemos anonimizar su IP.<\/p>\n\n\n\n<p>La informaci\u00f3n de verificaci\u00f3n que se genera cuando usted completa una prueba reCAPTCHA, se comparte autom\u00e1ticamente con Google.<\/p>\n\n\n\n<h2 class=\"wp-block-heading\">Comentarios<\/h2>\n\n\n\n<p>Cuando nos deja comentarios en la web, quedan almacenados los datos que se muestran en el formulario de comentarios, su direcci\u00f3n IP e informaci\u00f3n acerca del navegador que est\u00e1 usando. Esta informaci\u00f3n se captura para ayudar a la detecci\u00f3n de spam.<\/p>\n\n\n\n<p>En ciertos casos, en el formulario de comentarios puede quedar registrado su usuario y perfil de la red Gravatar. La pol\u00edtica de privacidad del servicio Gravatar est\u00e1 disponible en la siguiente direcci\u00f3n: <a href=\"https:\/\/automattic.com\/privacy\/\" target=\"_blank\" rel=\"noreferrer noopener\">https:\/\/automattic.com\/privacy\/<\/a><\/p>\n\n\n\n<p>La imagen de su perfil Gravatar ser\u00e1 visible al p\u00fablico, en los comentarios que escriba. Sus comentarios y la informaci\u00f3n asociada se vuelven parte del contenido del sitio, y se conservan por tiempo indefinido.<\/p>\n\n\n\n<h2 class=\"wp-block-heading\">Im\u00e1genes<\/h2>\n\n\n\n<p>Si env\u00eda im\u00e1genes a la web, tenga cuidado de que no incluyan datos de ubicaci\u00f3n (GPS EXIF). El incluir estos datos podr\u00eda revelar informaci\u00f3n personal a otros usuarios acerca de su ubicaci\u00f3n y equipo de fotograf\u00eda.<\/p>\n\n\n\n<h2 class=\"wp-block-heading\">Contenido incorporado de otros sitios web<\/h2>\n\n\n\n<p>En algunos art\u00edculos de este sitio pueden existir ventanas o espacios (conocidos como \u201cframes\u201d) que tengan contenidos de otros sitios. Por ejemplo uno de los m\u00e1s comunes, son los videos provenientes de la red Youtube. Tambi\u00e9n ciertas im\u00e1genes, audio, y formularios pueden incluir contenido incorporado de otros sitios. Este contenido se comporta exactamente de la misma manera que si usted hubiera visitado la otra web, y estas web pueden recopilar datos sobre usted, utilizar cookies, y realizar otros tipos de seguimiento.<\/p>\n\n\n\n<h2 class=\"wp-block-heading\">Informaci\u00f3n para usuarios de la Uni\u00f3n Europea (Reglamento General de Protecci\u00f3n de Datos)<\/h2>\n\n\n\n<p>Si usted se encuentra en uno de los Estados miembros de la Uni\u00f3n Europea o el \u00c1rea Econ\u00f3mica Europea, y est\u00e1 cubierto por lo establecido en la regulaci\u00f3n GPDR (General Data Protection Regulation) 2016\/679, debe conocer lo siguiente:<\/p>\n\n\n\n<ul class=\"wp-block-list\">\n<li>Nuestro domicilio no se encuentra en ninguno de los Estados miembros de la Uni\u00f3n Europea o el \u00c1rea Econ\u00f3mica Europea. Las regulaciones del Parlamento Europeo no tienen base legal para aplicarse directamente a nuestros servicios o productos.<\/li>\n\n\n\n<li>Nuestro sitio no tiene un inter\u00e9s espec\u00edfico en atraer usuarios de la Uni\u00f3n Europea o el \u00c1rea Econ\u00f3mica Europea, o en ofrecerles productos o servicios.<\/li>\n\n\n\n<li>En este sitio recolectamos informaci\u00f3n que puede considerarse informaci\u00f3n personal identificable (IPI o PII), de acuerdo con lo que hemos explicado en otras secciones de esta pol\u00edtica de privacidad.<\/li>\n\n\n\n<li>Nuestros servidores y proveedores se encuentran en distintas partes del mundo, y no podemos garantizar que su informaci\u00f3n se mantenga exclusivamente dentro de los pa\u00edses categorizados como \u201cPa\u00edses terceros seguros\u201d por la Comisi\u00f3n Europea.<\/li>\n<\/ul>\n\n\n\n<p>Estamos obligados a cumplir con las solicitudes de autoridades judiciales competentes, que impliquen entrega de informaci\u00f3n acerca de los usuarios de este sitio, siempre y cuando se realicen dentro de lo establecido por las leyes y reglamentos aplicables. Estas entregas de informaci\u00f3n son excepcionales, y se hacen solo ante solicitud correctamente realizada y fundamentada.<\/p>\n\n\n\n<p>Aunque nuestro usuario meta no se encuentra en la Uni\u00f3n Europea o el \u00c1rea Econ\u00f3mica Europea, nos apegamos al principio universal de no-discriminaci\u00f3n. Si usted est\u00e1 en la Uni\u00f3n Europea o el \u00c1rea Econ\u00f3mica Europea, y desea ver y usar este sitio y sus servicios, es bienvenido y puede hacerlo. Al hacerlo, sin embargo, usted acepta que su informaci\u00f3n pueda ser manejada bajo est\u00e1ndares distintos al de la regulaci\u00f3n GPDR.<\/p>\n\n\n\n<p>No estamos obligados a solicitar su consentimiento expl\u00edcito en este sitio para recolectar informaci\u00f3n de uso, o transmitir cookies a su sistema, pero siempre que nos sea posible, lo haremos.<\/p>\n\n\n\n<p><strong>\u00daltima actualizaci\u00f3n:<\/strong> 18 de octubre del 2023<\/p>\n","protected":false},"excerpt":{"rendered":"<p>Qui\u00e9nes somos y a d\u00f3nde estamos? La direcci\u00f3n de nuestra web es https:\/\/celeridad.net\/z491Para contactarnos, escriba a la direcci\u00f3n nodo491@celeridad.net Aparte de nuestro sitio web, tenemos presencia en las siguientes redes sociales: Los sitios que est\u00e9n en redes sociales o que usen servicios de terceros (como los indicados arriba) est\u00e1n sujetos [&hellip;]<\/p>\n","protected":false},"author":1,"featured_media":0,"parent":0,"menu_order":0,"comment_status":"closed","ping_status":"closed","template":"","meta":{"footnotes":""},"class_list":["post-146","page","type-page","status-publish","hentry"],"yoast_head":"<!-- This site is optimized with the Yoast SEO plugin v27.4 - https:\/\/yoast.com\/product\/yoast-seo-wordpress\/ -->\n<title>Nodo 491 - Pol\u00edtica de privacidad y cookies<\/title>\n<meta name=\"description\" content=\"Informaci\u00f3n acerca del manejo de sus datos que realizamos en nuestro sitio, y de los servicios que usamos para atenderle.\" \/>\n<meta name=\"robots\" content=\"noindex, follow\" \/>\n<meta property=\"og:locale\" content=\"es_ES\" \/>\n<meta property=\"og:type\" content=\"article\" \/>\n<meta property=\"og:title\" content=\"Nodo 491 - Pol\u00edtica de privacidad y cookies\" \/>\n<meta property=\"og:description\" content=\"Informaci\u00f3n acerca del manejo de sus datos que realizamos en nuestro sitio, y de los servicios que usamos para atenderle.\" \/>\n<meta property=\"og:url\" content=\"https:\/\/celeridad.net\/z491\/politica-privacidad-cookies\/\" \/>\n<meta property=\"og:site_name\" content=\"Nodo 491\" \/>\n<meta property=\"article:modified_time\" content=\"2023-10-18T17:00:35+00:00\" \/>\n<meta property=\"og:image\" content=\"https:\/\/celeridad.net\/z491\/wp-content\/uploads\/sites\/2\/2023\/10\/7925bcfe-afed-4568-a0f7-5300d678fe4c-1-e1697258269941.jpg\" \/>\n\t<meta property=\"og:image:width\" content=\"350\" \/>\n\t<meta property=\"og:image:height\" content=\"350\" \/>\n\t<meta property=\"og:image:type\" content=\"image\/jpeg\" \/>\n<meta name=\"twitter:card\" content=\"summary_large_image\" \/>\n<meta name=\"twitter:label1\" content=\"Tiempo de lectura\" \/>\n\t<meta name=\"twitter:data1\" content=\"10 minutos\" \/>\n<script type=\"application\/ld+json\" class=\"yoast-schema-graph\">{\"@context\":\"https:\\\/\\\/schema.org\",\"@graph\":[{\"@type\":\"WebPage\",\"@id\":\"https:\\\/\\\/celeridad.net\\\/z491\\\/politica-privacidad-cookies\\\/\",\"url\":\"https:\\\/\\\/celeridad.net\\\/z491\\\/politica-privacidad-cookies\\\/\",\"name\":\"Nodo 491 - Pol\u00edtica de privacidad y cookies\",\"isPartOf\":{\"@id\":\"https:\\\/\\\/celeridad.net\\\/z491\\\/#website\"},\"datePublished\":\"2023-10-18T17:00:34+00:00\",\"dateModified\":\"2023-10-18T17:00:35+00:00\",\"description\":\"Informaci\u00f3n acerca del manejo de sus datos que realizamos en nuestro sitio, y de los servicios que usamos para atenderle.\",\"breadcrumb\":{\"@id\":\"https:\\\/\\\/celeridad.net\\\/z491\\\/politica-privacidad-cookies\\\/#breadcrumb\"},\"inLanguage\":\"es\",\"potentialAction\":[{\"@type\":\"ReadAction\",\"target\":[\"https:\\\/\\\/celeridad.net\\\/z491\\\/politica-privacidad-cookies\\\/\"]}]},{\"@type\":\"BreadcrumbList\",\"@id\":\"https:\\\/\\\/celeridad.net\\\/z491\\\/politica-privacidad-cookies\\\/#breadcrumb\",\"itemListElement\":[{\"@type\":\"ListItem\",\"position\":1,\"name\":\"Portada\",\"item\":\"https:\\\/\\\/celeridad.net\\\/z491\\\/\"},{\"@type\":\"ListItem\",\"position\":2,\"name\":\"Pol\u00edtica de privacidad y cookies\"}]},{\"@type\":\"WebSite\",\"@id\":\"https:\\\/\\\/celeridad.net\\\/z491\\\/#website\",\"url\":\"https:\\\/\\\/celeridad.net\\\/z491\\\/\",\"name\":\"Nodo 491\",\"description\":\"Automatizaciones para MS Office y datos\",\"publisher\":{\"@id\":\"https:\\\/\\\/celeridad.net\\\/z491\\\/#organization\"},\"potentialAction\":[{\"@type\":\"SearchAction\",\"target\":{\"@type\":\"EntryPoint\",\"urlTemplate\":\"https:\\\/\\\/celeridad.net\\\/z491\\\/?s={search_term_string}\"},\"query-input\":{\"@type\":\"PropertyValueSpecification\",\"valueRequired\":true,\"valueName\":\"search_term_string\"}}],\"inLanguage\":\"es\"},{\"@type\":\"Organization\",\"@id\":\"https:\\\/\\\/celeridad.net\\\/z491\\\/#organization\",\"name\":\"Nodo 491\",\"url\":\"https:\\\/\\\/celeridad.net\\\/z491\\\/\",\"logo\":{\"@type\":\"ImageObject\",\"inLanguage\":\"es\",\"@id\":\"https:\\\/\\\/celeridad.net\\\/z491\\\/#\\\/schema\\\/logo\\\/image\\\/\",\"url\":\"https:\\\/\\\/celeridad.net\\\/z491\\\/wp-content\\\/uploads\\\/sites\\\/2\\\/2023\\\/10\\\/7925bcfe-afed-4568-a0f7-5300d678fe4c-e1697257535157.jpg\",\"contentUrl\":\"https:\\\/\\\/celeridad.net\\\/z491\\\/wp-content\\\/uploads\\\/sites\\\/2\\\/2023\\\/10\\\/7925bcfe-afed-4568-a0f7-5300d678fe4c-e1697257535157.jpg\",\"width\":128,\"height\":128,\"caption\":\"Nodo 491\"},\"image\":{\"@id\":\"https:\\\/\\\/celeridad.net\\\/z491\\\/#\\\/schema\\\/logo\\\/image\\\/\"}}]}<\/script>\n<!-- \/ Yoast SEO plugin. -->","yoast_head_json":{"title":"Nodo 491 - Pol\u00edtica de privacidad y cookies","description":"Informaci\u00f3n acerca del manejo de sus datos que realizamos en nuestro sitio, y de los servicios que usamos para atenderle.","robots":{"index":"noindex","follow":"follow"},"og_locale":"es_ES","og_type":"article","og_title":"Nodo 491 - Pol\u00edtica de privacidad y cookies","og_description":"Informaci\u00f3n acerca del manejo de sus datos que realizamos en nuestro sitio, y de los servicios que usamos para atenderle.","og_url":"https:\/\/celeridad.net\/z491\/politica-privacidad-cookies\/","og_site_name":"Nodo 491","article_modified_time":"2023-10-18T17:00:35+00:00","og_image":[{"width":350,"height":350,"url":"https:\/\/celeridad.net\/z491\/wp-content\/uploads\/sites\/2\/2023\/10\/7925bcfe-afed-4568-a0f7-5300d678fe4c-1-e1697258269941.jpg","type":"image\/jpeg"}],"twitter_card":"summary_large_image","twitter_misc":{"Tiempo de lectura":"10 minutos"},"schema":{"@context":"https:\/\/schema.org","@graph":[{"@type":"WebPage","@id":"https:\/\/celeridad.net\/z491\/politica-privacidad-cookies\/","url":"https:\/\/celeridad.net\/z491\/politica-privacidad-cookies\/","name":"Nodo 491 - Pol\u00edtica de privacidad y cookies","isPartOf":{"@id":"https:\/\/celeridad.net\/z491\/#website"},"datePublished":"2023-10-18T17:00:34+00:00","dateModified":"2023-10-18T17:00:35+00:00","description":"Informaci\u00f3n acerca del manejo de sus datos que realizamos en nuestro sitio, y de los servicios que usamos para atenderle.","breadcrumb":{"@id":"https:\/\/celeridad.net\/z491\/politica-privacidad-cookies\/#breadcrumb"},"inLanguage":"es","potentialAction":[{"@type":"ReadAction","target":["https:\/\/celeridad.net\/z491\/politica-privacidad-cookies\/"]}]},{"@type":"BreadcrumbList","@id":"https:\/\/celeridad.net\/z491\/politica-privacidad-cookies\/#breadcrumb","itemListElement":[{"@type":"ListItem","position":1,"name":"Portada","item":"https:\/\/celeridad.net\/z491\/"},{"@type":"ListItem","position":2,"name":"Pol\u00edtica de privacidad y cookies"}]},{"@type":"WebSite","@id":"https:\/\/celeridad.net\/z491\/#website","url":"https:\/\/celeridad.net\/z491\/","name":"Nodo 491","description":"Automatizaciones para MS Office y datos","publisher":{"@id":"https:\/\/celeridad.net\/z491\/#organization"},"potentialAction":[{"@type":"SearchAction","target":{"@type":"EntryPoint","urlTemplate":"https:\/\/celeridad.net\/z491\/?s={search_term_string}"},"query-input":{"@type":"PropertyValueSpecification","valueRequired":true,"valueName":"search_term_string"}}],"inLanguage":"es"},{"@type":"Organization","@id":"https:\/\/celeridad.net\/z491\/#organization","name":"Nodo 491","url":"https:\/\/celeridad.net\/z491\/","logo":{"@type":"ImageObject","inLanguage":"es","@id":"https:\/\/celeridad.net\/z491\/#\/schema\/logo\/image\/","url":"https:\/\/celeridad.net\/z491\/wp-content\/uploads\/sites\/2\/2023\/10\/7925bcfe-afed-4568-a0f7-5300d678fe4c-e1697257535157.jpg","contentUrl":"https:\/\/celeridad.net\/z491\/wp-content\/uploads\/sites\/2\/2023\/10\/7925bcfe-afed-4568-a0f7-5300d678fe4c-e1697257535157.jpg","width":128,"height":128,"caption":"Nodo 491"},"image":{"@id":"https:\/\/celeridad.net\/z491\/#\/schema\/logo\/image\/"}}]}},"_links":{"self":[{"href":"https:\/\/celeridad.net\/z491\/wp-json\/wp\/v2\/pages\/146","targetHints":{"allow":["GET"]}}],"collection":[{"href":"https:\/\/celeridad.net\/z491\/wp-json\/wp\/v2\/pages"}],"about":[{"href":"https:\/\/celeridad.net\/z491\/wp-json\/wp\/v2\/types\/page"}],"author":[{"embeddable":true,"href":"https:\/\/celeridad.net\/z491\/wp-json\/wp\/v2\/users\/1"}],"replies":[{"embeddable":true,"href":"https:\/\/celeridad.net\/z491\/wp-json\/wp\/v2\/comments?post=146"}],"version-history":[{"count":1,"href":"https:\/\/celeridad.net\/z491\/wp-json\/wp\/v2\/pages\/146\/revisions"}],"predecessor-version":[{"id":147,"href":"https:\/\/celeridad.net\/z491\/wp-json\/wp\/v2\/pages\/146\/revisions\/147"}],"wp:attachment":[{"href":"https:\/\/celeridad.net\/z491\/wp-json\/wp\/v2\/media?parent=146"}],"curies":[{"name":"wp","href":"https:\/\/api.w.org\/{rel}","templated":true}]}}